{"id":22,"date":"2022-09-06T14:19:22","date_gmt":"2022-09-06T12:19:22","guid":{"rendered":"http:\/\/jasongrodoisthebest.be\/?page_id=22"},"modified":"2022-09-06T16:37:50","modified_gmt":"2022-09-06T14:37:50","slug":"disclamer","status":"publish","type":"page","link":"https:\/\/dino-secure.be\/?page_id=22","title":{"rendered":"Disclaimer"},"content":{"rendered":"\n<p>Ce blog poursuit un objectif p\u00e9dagogique dans le contexte d&#8217;un cours d&#8217;OSINT (Open Source Intelligence). Le contenu des articles est fictif et les opinions d\u00e9crites permettent \u00e0 des \u00e9tudiants en Computer Forensics de dresser un profil type de cybercriminel.<\/p>\n","protected":false},"excerpt":{"rendered":"<p>Ce blog poursuit un objectif p\u00e9dagogique dans le contexte d&#8217;un cours d&#8217;OSINT (Open Source Intelligence). Le contenu des articles est fictif et les opinions d\u00e9crites permettent \u00e0 des \u00e9tudiants en Computer Forensics de dresser un profil type de cybercriminel.<\/p>\n","protected":false},"author":1,"featured_media":0,"parent":0,"menu_order":0,"comment_status":"closed","ping_status":"closed","template":"","meta":{"ngg_post_thumbnail":0,"footnotes":""},"class_list":["post-22","page","type-page","status-publish","hentry"],"_links":{"self":[{"href":"https:\/\/dino-secure.be\/index.php?rest_route=\/wp\/v2\/pages\/22","targetHints":{"allow":["GET"]}}],"collection":[{"href":"https:\/\/dino-secure.be\/index.php?rest_route=\/wp\/v2\/pages"}],"about":[{"href":"https:\/\/dino-secure.be\/index.php?rest_route=\/wp\/v2\/types\/page"}],"author":[{"embeddable":true,"href":"https:\/\/dino-secure.be\/index.php?rest_route=\/wp\/v2\/users\/1"}],"replies":[{"embeddable":true,"href":"https:\/\/dino-secure.be\/index.php?rest_route=%2Fwp%2Fv2%2Fcomments&post=22"}],"version-history":[{"count":2,"href":"https:\/\/dino-secure.be\/index.php?rest_route=\/wp\/v2\/pages\/22\/revisions"}],"predecessor-version":[{"id":29,"href":"https:\/\/dino-secure.be\/index.php?rest_route=\/wp\/v2\/pages\/22\/revisions\/29"}],"wp:attachment":[{"href":"https:\/\/dino-secure.be\/index.php?rest_route=%2Fwp%2Fv2%2Fmedia&parent=22"}],"curies":[{"name":"wp","href":"https:\/\/api.w.org\/{rel}","templated":true}]}}